{"id":828,"date":"2026-02-27T19:40:11","date_gmt":"2026-02-27T19:40:11","guid":{"rendered":"https:\/\/xenodochial-torvalds.54-39-18-128.plesk.page\/?page_id=828"},"modified":"2026-03-27T19:31:27","modified_gmt":"2026-03-27T19:31:27","slug":"microsoft-365","status":"publish","type":"page","link":"https:\/\/xenodochial-torvalds.54-39-18-128.plesk.page\/index.php\/microsoft-365\/","title":{"rendered":"Microsoft 365"},"content":{"rendered":"\t\t<div data-elementor-type=\"wp-page\" data-elementor-id=\"828\" class=\"elementor elementor-828\" data-elementor-post-type=\"page\">\n\t\t\t\t<div class=\"elementor-element elementor-element-b92f84b e-flex e-con-boxed e-con e-parent\" data-id=\"b92f84b\" data-element_type=\"container\" data-e-type=\"container\">\n\t\t\t\t\t<div class=\"e-con-inner\">\n\t\t\t\t<div class=\"elementor-element elementor-element-4d26b02 elementor-widget elementor-widget-spacer\" data-id=\"4d26b02\" data-element_type=\"widget\" data-e-type=\"widget\" data-widget_type=\"spacer.default\">\n\t\t\t\t\t\t\t<div class=\"elementor-spacer\">\n\t\t\t<div class=\"elementor-spacer-inner\"><\/div>\n\t\t<\/div>\n\t\t\t\t\t\t<\/div>\n\t\t\t\t\t<\/div>\n\t\t\t\t<\/div>\n\t\t<div class=\"elementor-element elementor-element-fb4808b e-flex e-con-boxed e-con e-parent\" data-id=\"fb4808b\" data-element_type=\"container\" data-e-type=\"container\">\n\t\t\t\t\t<div class=\"e-con-inner\">\n\t\t<div class=\"elementor-element elementor-element-f9a3a4c e-con-full e-flex e-con e-child\" data-id=\"f9a3a4c\" data-element_type=\"container\" data-e-type=\"container\">\n\t\t\t\t<div class=\"elementor-element elementor-element-f20cc1e elementor-widget elementor-widget-spacer\" data-id=\"f20cc1e\" data-element_type=\"widget\" data-e-type=\"widget\" data-widget_type=\"spacer.default\">\n\t\t\t\t\t\t\t<div class=\"elementor-spacer\">\n\t\t\t<div class=\"elementor-spacer-inner\"><\/div>\n\t\t<\/div>\n\t\t\t\t\t\t<\/div>\n\t\t\t\t<div class=\"elementor-element elementor-element-5c6e406 elementor-widget elementor-widget-heading\" data-id=\"5c6e406\" data-element_type=\"widget\" data-e-type=\"widget\" data-widget_type=\"heading.default\">\n\t\t\t\t\t<h2 class=\"elementor-heading-title elementor-size-default\">Microsoft 365<\/h2>\t\t\t\t<\/div>\n\t\t\t\t<div class=\"elementor-element elementor-element-3fb4032 elementor-widget elementor-widget-heading\" data-id=\"3fb4032\" data-element_type=\"widget\" data-e-type=\"widget\" data-widget_type=\"heading.default\">\n\t\t\t\t\t<h2 class=\"elementor-heading-title elementor-size-default\">Explorez tout le potentiel de vos environnements de travail gr\u00e2ce \u00e0 Microsoft 365 pour entreprise.<\/h2>\t\t\t\t<\/div>\n\t\t\t\t<div class=\"elementor-element elementor-element-1b13843 elementor-align-left elementor-widget elementor-widget-button\" data-id=\"1b13843\" data-element_type=\"widget\" data-e-type=\"widget\" data-widget_type=\"button.default\">\n\t\t\t\t\t\t\t\t\t\t<a class=\"elementor-button elementor-button-link elementor-size-sm elementor-animation-pulse-grow\" href=\"#\">\n\t\t\t\t\t\t<span class=\"elementor-button-content-wrapper\">\n\t\t\t\t\t\t\t\t\t<span class=\"elementor-button-text\">Prendre rendez-vous !<\/span>\n\t\t\t\t\t<\/span>\n\t\t\t\t\t<\/a>\n\t\t\t\t\t\t\t\t<\/div>\n\t\t\t\t<\/div>\n\t\t<div class=\"elementor-element elementor-element-bf76d67 e-con-full e-flex e-con e-child\" data-id=\"bf76d67\" data-element_type=\"container\" data-e-type=\"container\">\n\t\t\t\t<div class=\"elementor-element elementor-element-5cd2b4a elementor-widget elementor-widget-image\" data-id=\"5cd2b4a\" data-element_type=\"widget\" data-e-type=\"widget\" data-widget_type=\"image.default\">\n\t\t\t\t\t\t\t\t\t\t\t\t\t\t\t<img fetchpriority=\"high\" decoding=\"async\" width=\"800\" height=\"534\" src=\"https:\/\/xenodochial-torvalds.54-39-18-128.plesk.page\/wp-content\/uploads\/2026\/03\/AdobeStock_309208608_Editorial_Use_Only-1024x683.jpeg\" class=\"attachment-large size-large wp-image-1798\" alt=\"\" srcset=\"https:\/\/xenodochial-torvalds.54-39-18-128.plesk.page\/wp-content\/uploads\/2026\/03\/AdobeStock_309208608_Editorial_Use_Only-1024x683.jpeg 1024w, https:\/\/xenodochial-torvalds.54-39-18-128.plesk.page\/wp-content\/uploads\/2026\/03\/AdobeStock_309208608_Editorial_Use_Only-300x200.jpeg 300w, https:\/\/xenodochial-torvalds.54-39-18-128.plesk.page\/wp-content\/uploads\/2026\/03\/AdobeStock_309208608_Editorial_Use_Only-768x512.jpeg 768w, https:\/\/xenodochial-torvalds.54-39-18-128.plesk.page\/wp-content\/uploads\/2026\/03\/AdobeStock_309208608_Editorial_Use_Only-1536x1024.jpeg 1536w, https:\/\/xenodochial-torvalds.54-39-18-128.plesk.page\/wp-content\/uploads\/2026\/03\/AdobeStock_309208608_Editorial_Use_Only-2048x1365.jpeg 2048w\" sizes=\"(max-width: 800px) 100vw, 800px\" \/>\t\t\t\t\t\t\t\t\t\t\t\t\t\t\t<\/div>\n\t\t\t\t<div class=\"elementor-element elementor-element-aca4eb0 elementor-widget elementor-widget-spacer\" data-id=\"aca4eb0\" data-element_type=\"widget\" data-e-type=\"widget\" data-widget_type=\"spacer.default\">\n\t\t\t\t\t\t\t<div class=\"elementor-spacer\">\n\t\t\t<div class=\"elementor-spacer-inner\"><\/div>\n\t\t<\/div>\n\t\t\t\t\t\t<\/div>\n\t\t\t\t<\/div>\n\t\t\t\t\t<\/div>\n\t\t\t\t<\/div>\n\t\t<div class=\"elementor-element elementor-element-5c7c0105 e-flex e-con-boxed e-con e-parent\" data-id=\"5c7c0105\" data-element_type=\"container\" data-e-type=\"container\" id=\"next\" data-settings=\"{&quot;background_background&quot;:&quot;classic&quot;}\">\n\t\t\t\t\t<div class=\"e-con-inner\">\n\t\t<div class=\"elementor-element elementor-element-fc46666 e-con-full e-flex e-con e-child\" data-id=\"fc46666\" data-element_type=\"container\" data-e-type=\"container\">\n\t\t<div class=\"elementor-element elementor-element-21bb4cd3 e-con-full e-flex e-con e-child\" data-id=\"21bb4cd3\" data-element_type=\"container\" data-e-type=\"container\">\n\t\t\t\t<div class=\"elementor-element elementor-element-627386d2 elementor-position-top elementor-widget elementor-widget-image-box\" data-id=\"627386d2\" data-element_type=\"widget\" data-e-type=\"widget\" data-widget_type=\"image-box.default\">\n\t\t\t\t\t<div class=\"elementor-image-box-wrapper\"><figure class=\"elementor-image-box-img\"><a href=\"#\" tabindex=\"-1\"><img decoding=\"async\" width=\"1280\" height=\"1352\" src=\"https:\/\/xenodochial-torvalds.54-39-18-128.plesk.page\/wp-content\/uploads\/2026\/03\/Microsoft_Office_Teams_2025\u2013present.svg.png\" class=\"elementor-animation-grow attachment-full size-full wp-image-1799\" alt=\"\" srcset=\"https:\/\/xenodochial-torvalds.54-39-18-128.plesk.page\/wp-content\/uploads\/2026\/03\/Microsoft_Office_Teams_2025\u2013present.svg.png 1280w, https:\/\/xenodochial-torvalds.54-39-18-128.plesk.page\/wp-content\/uploads\/2026\/03\/Microsoft_Office_Teams_2025\u2013present.svg-284x300.png 284w, https:\/\/xenodochial-torvalds.54-39-18-128.plesk.page\/wp-content\/uploads\/2026\/03\/Microsoft_Office_Teams_2025\u2013present.svg-969x1024.png 969w, https:\/\/xenodochial-torvalds.54-39-18-128.plesk.page\/wp-content\/uploads\/2026\/03\/Microsoft_Office_Teams_2025\u2013present.svg-768x811.png 768w\" sizes=\"(max-width: 1280px) 100vw, 1280px\" \/><\/a><\/figure><div class=\"elementor-image-box-content\"><h4 class=\"elementor-image-box-title\"><a href=\"#\">T\u00e9l\u00e9phonie Microsoft Teams<\/a><\/h4><p class=\"elementor-image-box-description\">Centralisez vos communications et simplifiez vos appels internes et externes.<\/p><\/div><\/div>\t\t\t\t<\/div>\n\t\t\t\t<\/div>\n\t\t<div class=\"elementor-element elementor-element-6250097 e-con-full e-flex e-con e-child\" data-id=\"6250097\" data-element_type=\"container\" data-e-type=\"container\">\n\t\t\t\t<div class=\"elementor-element elementor-element-2e8c6f4 elementor-position-top elementor-widget elementor-widget-image-box\" data-id=\"2e8c6f4\" data-element_type=\"widget\" data-e-type=\"widget\" data-widget_type=\"image-box.default\">\n\t\t\t\t\t<div class=\"elementor-image-box-wrapper\"><figure class=\"elementor-image-box-img\"><a href=\"#\" tabindex=\"-1\"><img decoding=\"async\" width=\"1280\" height=\"1250\" src=\"https:\/\/xenodochial-torvalds.54-39-18-128.plesk.page\/wp-content\/uploads\/2026\/03\/Microsoft-intune.svg.png\" class=\"elementor-animation-grow attachment-full size-full wp-image-1800\" alt=\"\" srcset=\"https:\/\/xenodochial-torvalds.54-39-18-128.plesk.page\/wp-content\/uploads\/2026\/03\/Microsoft-intune.svg.png 1280w, https:\/\/xenodochial-torvalds.54-39-18-128.plesk.page\/wp-content\/uploads\/2026\/03\/Microsoft-intune.svg-300x293.png 300w, https:\/\/xenodochial-torvalds.54-39-18-128.plesk.page\/wp-content\/uploads\/2026\/03\/Microsoft-intune.svg-1024x1000.png 1024w, https:\/\/xenodochial-torvalds.54-39-18-128.plesk.page\/wp-content\/uploads\/2026\/03\/Microsoft-intune.svg-768x750.png 768w\" sizes=\"(max-width: 1280px) 100vw, 1280px\" \/><\/a><\/figure><div class=\"elementor-image-box-content\"><h4 class=\"elementor-image-box-title\"><a href=\"#\">Microsoft Intune<\/a><\/h4><p class=\"elementor-image-box-description\">G\u00e9rez et s\u00e9curisez les appareils de votre \u00e9quipe, o\u00f9 qu\u2019ils soient.<\/p><\/div><\/div>\t\t\t\t<\/div>\n\t\t\t\t<\/div>\n\t\t<div class=\"elementor-element elementor-element-8eda8d3 e-con-full e-flex e-con e-child\" data-id=\"8eda8d3\" data-element_type=\"container\" data-e-type=\"container\">\n\t\t\t\t<div class=\"elementor-element elementor-element-76d9989 elementor-position-top elementor-widget elementor-widget-image-box\" data-id=\"76d9989\" data-element_type=\"widget\" data-e-type=\"widget\" data-widget_type=\"image-box.default\">\n\t\t\t\t\t<div class=\"elementor-image-box-wrapper\"><figure class=\"elementor-image-box-img\"><a href=\"#\" tabindex=\"-1\"><img loading=\"lazy\" decoding=\"async\" width=\"300\" height=\"300\" src=\"https:\/\/xenodochial-torvalds.54-39-18-128.plesk.page\/wp-content\/uploads\/2026\/03\/northware-microsoft-azure-logo.webp\" class=\"elementor-animation-grow attachment-full size-full wp-image-1801\" alt=\"\" srcset=\"https:\/\/xenodochial-torvalds.54-39-18-128.plesk.page\/wp-content\/uploads\/2026\/03\/northware-microsoft-azure-logo.webp 300w, https:\/\/xenodochial-torvalds.54-39-18-128.plesk.page\/wp-content\/uploads\/2026\/03\/northware-microsoft-azure-logo-150x150.webp 150w\" sizes=\"(max-width: 300px) 100vw, 300px\" \/><\/a><\/figure><div class=\"elementor-image-box-content\"><h4 class=\"elementor-image-box-title\"><a href=\"#\">H\u00e9bergement &amp; s\u00e9curit\u00e9 Azure<\/a><\/h4><p class=\"elementor-image-box-description\">Profitez d\u2019une infrastructure cloud fiable, performante et hautement s\u00e9curis\u00e9e.<\/p><\/div><\/div>\t\t\t\t<\/div>\n\t\t\t\t<\/div>\n\t\t<div class=\"elementor-element elementor-element-db5b7d5 e-con-full e-flex e-con e-child\" data-id=\"db5b7d5\" data-element_type=\"container\" data-e-type=\"container\">\n\t\t\t\t<div class=\"elementor-element elementor-element-eed9208 elementor-position-top elementor-widget elementor-widget-image-box\" data-id=\"eed9208\" data-element_type=\"widget\" data-e-type=\"widget\" data-widget_type=\"image-box.default\">\n\t\t\t\t\t<div class=\"elementor-image-box-wrapper\"><figure class=\"elementor-image-box-img\"><a href=\"#\" tabindex=\"-1\"><img loading=\"lazy\" decoding=\"async\" width=\"500\" height=\"550\" src=\"https:\/\/xenodochial-torvalds.54-39-18-128.plesk.page\/wp-content\/uploads\/2026\/03\/Microsoft_365_2022.svg.png\" class=\"elementor-animation-grow attachment-full size-full wp-image-1802\" alt=\"\" srcset=\"https:\/\/xenodochial-torvalds.54-39-18-128.plesk.page\/wp-content\/uploads\/2026\/03\/Microsoft_365_2022.svg.png 500w, https:\/\/xenodochial-torvalds.54-39-18-128.plesk.page\/wp-content\/uploads\/2026\/03\/Microsoft_365_2022.svg-273x300.png 273w\" sizes=\"(max-width: 500px) 100vw, 500px\" \/><\/a><\/figure><div class=\"elementor-image-box-content\"><h4 class=\"elementor-image-box-title\"><a href=\"#\">Office 365 pour entreprises<\/a><\/h4><p class=\"elementor-image-box-description\">Acc\u00e9dez \u00e0 des outils collaboratifs puissants pour travailler efficacement, partout.<\/p><\/div><\/div>\t\t\t\t<\/div>\n\t\t\t\t<\/div>\n\t\t\t\t<\/div>\n\t\t\t\t\t<\/div>\n\t\t\t\t<\/div>\n\t\t\t\t<\/div>\n\t\t","protected":false},"excerpt":{"rendered":"<p>Microsoft 365 Explorez tout le potentiel de vos environnements de travail gr\u00e2ce \u00e0 Microsoft 365 pour entreprise. Prendre rendez-vous ! T\u00e9l\u00e9phonie Microsoft Teams Centralisez vos communications et simplifiez vos appels internes et externes. Microsoft Intune G\u00e9rez et s\u00e9curisez les appareils de votre \u00e9quipe, o\u00f9 qu\u2019ils soient. H\u00e9bergement &amp; s\u00e9curit\u00e9 Azure Profitez d\u2019une infrastructure cloud fiable, [&hellip;]<\/p>\n","protected":false},"author":1,"featured_media":0,"parent":0,"menu_order":0,"comment_status":"closed","ping_status":"closed","template":"","meta":{"footnotes":""},"class_list":["post-828","page","type-page","status-publish","hentry"],"yoast_head":"<!-- This site is optimized with the Yoast SEO plugin v27.2 - https:\/\/yoast.com\/product\/yoast-seo-wordpress\/ -->\n<title>Microsoft 365 - SRG NOUVEAU SITE<\/title>\n<meta name=\"robots\" content=\"index, follow, max-snippet:-1, max-image-preview:large, max-video-preview:-1\" \/>\n<link rel=\"canonical\" href=\"https:\/\/xenodochial-torvalds.54-39-18-128.plesk.page\/index.php\/microsoft-365\/\" \/>\n<meta property=\"og:locale\" content=\"fr_FR\" \/>\n<meta property=\"og:type\" content=\"article\" \/>\n<meta property=\"og:title\" content=\"Microsoft 365 - SRG NOUVEAU SITE\" \/>\n<meta property=\"og:description\" content=\"Microsoft 365 Explorez tout le potentiel de vos environnements de travail gr\u00e2ce \u00e0 Microsoft 365 pour entreprise. Prendre rendez-vous ! T\u00e9l\u00e9phonie Microsoft Teams Centralisez vos communications et simplifiez vos appels internes et externes. Microsoft Intune G\u00e9rez et s\u00e9curisez les appareils de votre \u00e9quipe, o\u00f9 qu\u2019ils soient. H\u00e9bergement &amp; s\u00e9curit\u00e9 Azure Profitez d\u2019une infrastructure cloud fiable, [&hellip;]\" \/>\n<meta property=\"og:url\" content=\"https:\/\/xenodochial-torvalds.54-39-18-128.plesk.page\/index.php\/microsoft-365\/\" \/>\n<meta property=\"og:site_name\" content=\"SRG NOUVEAU SITE\" \/>\n<meta property=\"article:modified_time\" content=\"2026-03-27T19:31:27+00:00\" \/>\n<meta property=\"og:image\" content=\"https:\/\/xenodochial-torvalds.54-39-18-128.plesk.page\/wp-content\/uploads\/2026\/03\/AdobeStock_309208608_Editorial_Use_Only-scaled.jpeg\" \/>\n\t<meta property=\"og:image:width\" content=\"2560\" \/>\n\t<meta property=\"og:image:height\" content=\"1707\" \/>\n\t<meta property=\"og:image:type\" content=\"image\/jpeg\" \/>\n<meta name=\"twitter:card\" content=\"summary_large_image\" \/>\n<meta name=\"twitter:label1\" content=\"Dur\u00e9e de lecture estim\u00e9e\" \/>\n\t<meta name=\"twitter:data1\" content=\"2 minutes\" \/>\n<script type=\"application\/ld+json\" class=\"yoast-schema-graph\">{\"@context\":\"https:\/\/schema.org\",\"@graph\":[{\"@type\":\"WebPage\",\"@id\":\"https:\/\/xenodochial-torvalds.54-39-18-128.plesk.page\/index.php\/microsoft-365\/\",\"url\":\"https:\/\/xenodochial-torvalds.54-39-18-128.plesk.page\/index.php\/microsoft-365\/\",\"name\":\"Microsoft 365 - SRG NOUVEAU SITE\",\"isPartOf\":{\"@id\":\"https:\/\/xenodochial-torvalds.54-39-18-128.plesk.page\/#website\"},\"primaryImageOfPage\":{\"@id\":\"https:\/\/xenodochial-torvalds.54-39-18-128.plesk.page\/index.php\/microsoft-365\/#primaryimage\"},\"image\":{\"@id\":\"https:\/\/xenodochial-torvalds.54-39-18-128.plesk.page\/index.php\/microsoft-365\/#primaryimage\"},\"thumbnailUrl\":\"https:\/\/xenodochial-torvalds.54-39-18-128.plesk.page\/wp-content\/uploads\/2026\/03\/AdobeStock_309208608_Editorial_Use_Only-1024x683.jpeg\",\"datePublished\":\"2026-02-27T19:40:11+00:00\",\"dateModified\":\"2026-03-27T19:31:27+00:00\",\"breadcrumb\":{\"@id\":\"https:\/\/xenodochial-torvalds.54-39-18-128.plesk.page\/index.php\/microsoft-365\/#breadcrumb\"},\"inLanguage\":\"fr-FR\",\"potentialAction\":[{\"@type\":\"ReadAction\",\"target\":[\"https:\/\/xenodochial-torvalds.54-39-18-128.plesk.page\/index.php\/microsoft-365\/\"]}]},{\"@type\":\"ImageObject\",\"inLanguage\":\"fr-FR\",\"@id\":\"https:\/\/xenodochial-torvalds.54-39-18-128.plesk.page\/index.php\/microsoft-365\/#primaryimage\",\"url\":\"https:\/\/xenodochial-torvalds.54-39-18-128.plesk.page\/wp-content\/uploads\/2026\/03\/AdobeStock_309208608_Editorial_Use_Only-scaled.jpeg\",\"contentUrl\":\"https:\/\/xenodochial-torvalds.54-39-18-128.plesk.page\/wp-content\/uploads\/2026\/03\/AdobeStock_309208608_Editorial_Use_Only-scaled.jpeg\",\"width\":2560,\"height\":1707,\"caption\":\"CHIANGMAI, THAILAND - AUG 31, 2019 : Microsoft Surface tablet on desk with businesman and businesswoman discussing background. created by Microsoft for Windows 10.\"},{\"@type\":\"BreadcrumbList\",\"@id\":\"https:\/\/xenodochial-torvalds.54-39-18-128.plesk.page\/index.php\/microsoft-365\/#breadcrumb\",\"itemListElement\":[{\"@type\":\"ListItem\",\"position\":1,\"name\":\"Accueil\",\"item\":\"https:\/\/xenodochial-torvalds.54-39-18-128.plesk.page\/\"},{\"@type\":\"ListItem\",\"position\":2,\"name\":\"Microsoft 365\"}]},{\"@type\":\"WebSite\",\"@id\":\"https:\/\/xenodochial-torvalds.54-39-18-128.plesk.page\/#website\",\"url\":\"https:\/\/xenodochial-torvalds.54-39-18-128.plesk.page\/\",\"name\":\"SRG NOUVEAU SITE\",\"description\":\"\",\"publisher\":{\"@id\":\"https:\/\/xenodochial-torvalds.54-39-18-128.plesk.page\/#organization\"},\"potentialAction\":[{\"@type\":\"SearchAction\",\"target\":{\"@type\":\"EntryPoint\",\"urlTemplate\":\"https:\/\/xenodochial-torvalds.54-39-18-128.plesk.page\/?s={search_term_string}\"},\"query-input\":{\"@type\":\"PropertyValueSpecification\",\"valueRequired\":true,\"valueName\":\"search_term_string\"}}],\"inLanguage\":\"fr-FR\"},{\"@type\":\"Organization\",\"@id\":\"https:\/\/xenodochial-torvalds.54-39-18-128.plesk.page\/#organization\",\"name\":\"SRG NOUVEAU SITE\",\"url\":\"https:\/\/xenodochial-torvalds.54-39-18-128.plesk.page\/\",\"logo\":{\"@type\":\"ImageObject\",\"inLanguage\":\"fr-FR\",\"@id\":\"https:\/\/xenodochial-torvalds.54-39-18-128.plesk.page\/#\/schema\/logo\/image\/\",\"url\":\"https:\/\/xenodochial-torvalds.54-39-18-128.plesk.page\/wp-content\/uploads\/2025\/11\/logo-srg-blanc-horizontale.png\",\"contentUrl\":\"https:\/\/xenodochial-torvalds.54-39-18-128.plesk.page\/wp-content\/uploads\/2025\/11\/logo-srg-blanc-horizontale.png\",\"width\":600,\"height\":150,\"caption\":\"SRG NOUVEAU SITE\"},\"image\":{\"@id\":\"https:\/\/xenodochial-torvalds.54-39-18-128.plesk.page\/#\/schema\/logo\/image\/\"}}]}<\/script>\n<!-- \/ Yoast SEO plugin. -->","yoast_head_json":{"title":"Microsoft 365 - SRG NOUVEAU SITE","robots":{"index":"index","follow":"follow","max-snippet":"max-snippet:-1","max-image-preview":"max-image-preview:large","max-video-preview":"max-video-preview:-1"},"canonical":"https:\/\/xenodochial-torvalds.54-39-18-128.plesk.page\/index.php\/microsoft-365\/","og_locale":"fr_FR","og_type":"article","og_title":"Microsoft 365 - SRG NOUVEAU SITE","og_description":"Microsoft 365 Explorez tout le potentiel de vos environnements de travail gr\u00e2ce \u00e0 Microsoft 365 pour entreprise. Prendre rendez-vous ! T\u00e9l\u00e9phonie Microsoft Teams Centralisez vos communications et simplifiez vos appels internes et externes. Microsoft Intune G\u00e9rez et s\u00e9curisez les appareils de votre \u00e9quipe, o\u00f9 qu\u2019ils soient. H\u00e9bergement &amp; s\u00e9curit\u00e9 Azure Profitez d\u2019une infrastructure cloud fiable, [&hellip;]","og_url":"https:\/\/xenodochial-torvalds.54-39-18-128.plesk.page\/index.php\/microsoft-365\/","og_site_name":"SRG NOUVEAU SITE","article_modified_time":"2026-03-27T19:31:27+00:00","og_image":[{"width":2560,"height":1707,"url":"https:\/\/xenodochial-torvalds.54-39-18-128.plesk.page\/wp-content\/uploads\/2026\/03\/AdobeStock_309208608_Editorial_Use_Only-scaled.jpeg","type":"image\/jpeg"}],"twitter_card":"summary_large_image","twitter_misc":{"Dur\u00e9e de lecture estim\u00e9e":"2 minutes"},"schema":{"@context":"https:\/\/schema.org","@graph":[{"@type":"WebPage","@id":"https:\/\/xenodochial-torvalds.54-39-18-128.plesk.page\/index.php\/microsoft-365\/","url":"https:\/\/xenodochial-torvalds.54-39-18-128.plesk.page\/index.php\/microsoft-365\/","name":"Microsoft 365 - SRG NOUVEAU SITE","isPartOf":{"@id":"https:\/\/xenodochial-torvalds.54-39-18-128.plesk.page\/#website"},"primaryImageOfPage":{"@id":"https:\/\/xenodochial-torvalds.54-39-18-128.plesk.page\/index.php\/microsoft-365\/#primaryimage"},"image":{"@id":"https:\/\/xenodochial-torvalds.54-39-18-128.plesk.page\/index.php\/microsoft-365\/#primaryimage"},"thumbnailUrl":"https:\/\/xenodochial-torvalds.54-39-18-128.plesk.page\/wp-content\/uploads\/2026\/03\/AdobeStock_309208608_Editorial_Use_Only-1024x683.jpeg","datePublished":"2026-02-27T19:40:11+00:00","dateModified":"2026-03-27T19:31:27+00:00","breadcrumb":{"@id":"https:\/\/xenodochial-torvalds.54-39-18-128.plesk.page\/index.php\/microsoft-365\/#breadcrumb"},"inLanguage":"fr-FR","potentialAction":[{"@type":"ReadAction","target":["https:\/\/xenodochial-torvalds.54-39-18-128.plesk.page\/index.php\/microsoft-365\/"]}]},{"@type":"ImageObject","inLanguage":"fr-FR","@id":"https:\/\/xenodochial-torvalds.54-39-18-128.plesk.page\/index.php\/microsoft-365\/#primaryimage","url":"https:\/\/xenodochial-torvalds.54-39-18-128.plesk.page\/wp-content\/uploads\/2026\/03\/AdobeStock_309208608_Editorial_Use_Only-scaled.jpeg","contentUrl":"https:\/\/xenodochial-torvalds.54-39-18-128.plesk.page\/wp-content\/uploads\/2026\/03\/AdobeStock_309208608_Editorial_Use_Only-scaled.jpeg","width":2560,"height":1707,"caption":"CHIANGMAI, THAILAND - AUG 31, 2019 : Microsoft Surface tablet on desk with businesman and businesswoman discussing background. created by Microsoft for Windows 10."},{"@type":"BreadcrumbList","@id":"https:\/\/xenodochial-torvalds.54-39-18-128.plesk.page\/index.php\/microsoft-365\/#breadcrumb","itemListElement":[{"@type":"ListItem","position":1,"name":"Accueil","item":"https:\/\/xenodochial-torvalds.54-39-18-128.plesk.page\/"},{"@type":"ListItem","position":2,"name":"Microsoft 365"}]},{"@type":"WebSite","@id":"https:\/\/xenodochial-torvalds.54-39-18-128.plesk.page\/#website","url":"https:\/\/xenodochial-torvalds.54-39-18-128.plesk.page\/","name":"SRG NOUVEAU SITE","description":"","publisher":{"@id":"https:\/\/xenodochial-torvalds.54-39-18-128.plesk.page\/#organization"},"potentialAction":[{"@type":"SearchAction","target":{"@type":"EntryPoint","urlTemplate":"https:\/\/xenodochial-torvalds.54-39-18-128.plesk.page\/?s={search_term_string}"},"query-input":{"@type":"PropertyValueSpecification","valueRequired":true,"valueName":"search_term_string"}}],"inLanguage":"fr-FR"},{"@type":"Organization","@id":"https:\/\/xenodochial-torvalds.54-39-18-128.plesk.page\/#organization","name":"SRG NOUVEAU SITE","url":"https:\/\/xenodochial-torvalds.54-39-18-128.plesk.page\/","logo":{"@type":"ImageObject","inLanguage":"fr-FR","@id":"https:\/\/xenodochial-torvalds.54-39-18-128.plesk.page\/#\/schema\/logo\/image\/","url":"https:\/\/xenodochial-torvalds.54-39-18-128.plesk.page\/wp-content\/uploads\/2025\/11\/logo-srg-blanc-horizontale.png","contentUrl":"https:\/\/xenodochial-torvalds.54-39-18-128.plesk.page\/wp-content\/uploads\/2025\/11\/logo-srg-blanc-horizontale.png","width":600,"height":150,"caption":"SRG NOUVEAU SITE"},"image":{"@id":"https:\/\/xenodochial-torvalds.54-39-18-128.plesk.page\/#\/schema\/logo\/image\/"}}]}},"_links":{"self":[{"href":"https:\/\/xenodochial-torvalds.54-39-18-128.plesk.page\/index.php\/wp-json\/wp\/v2\/pages\/828","targetHints":{"allow":["GET"]}}],"collection":[{"href":"https:\/\/xenodochial-torvalds.54-39-18-128.plesk.page\/index.php\/wp-json\/wp\/v2\/pages"}],"about":[{"href":"https:\/\/xenodochial-torvalds.54-39-18-128.plesk.page\/index.php\/wp-json\/wp\/v2\/types\/page"}],"author":[{"embeddable":true,"href":"https:\/\/xenodochial-torvalds.54-39-18-128.plesk.page\/index.php\/wp-json\/wp\/v2\/users\/1"}],"replies":[{"embeddable":true,"href":"https:\/\/xenodochial-torvalds.54-39-18-128.plesk.page\/index.php\/wp-json\/wp\/v2\/comments?post=828"}],"version-history":[{"count":24,"href":"https:\/\/xenodochial-torvalds.54-39-18-128.plesk.page\/index.php\/wp-json\/wp\/v2\/pages\/828\/revisions"}],"predecessor-version":[{"id":1826,"href":"https:\/\/xenodochial-torvalds.54-39-18-128.plesk.page\/index.php\/wp-json\/wp\/v2\/pages\/828\/revisions\/1826"}],"wp:attachment":[{"href":"https:\/\/xenodochial-torvalds.54-39-18-128.plesk.page\/index.php\/wp-json\/wp\/v2\/media?parent=828"}],"curies":[{"name":"wp","href":"https:\/\/api.w.org\/{rel}","templated":true}]}}